{"id":132,"date":"2020-07-07T19:50:46","date_gmt":"2020-07-07T17:50:46","guid":{"rendered":"http:\/\/kontessa.it\/?page_id=132"},"modified":"2022-10-20T16:04:00","modified_gmt":"2022-10-20T14:04:00","slug":"termini-e-condizioni","status":"publish","type":"page","link":"https:\/\/kontessa.it\/en\/termini-e-condizioni\/","title":{"rendered":"Terms and conditions"},"content":{"rendered":"<div class=\"vc_row wpb_row vc_row-fluid la_fp_slide la_fp_child_section\"><div class=\"wpb_column vc_column_container vc_col-sm-12\"><div class=\"vc_column-inner\"><div class=\"wpb_wrapper\">\n\t<div class=\"wpb_text_column wpb_content_element\" >\n\t\t<div class=\"wpb_wrapper\">\n\t\t\t<h1>TERMINI E CONDIZIONI<\/h1>\n<p>I prodotti in vendita su\u00a0<strong>www.kontessa.it<\/strong>, (di seguito il \u201c<strong>Sito<\/strong>\u201d) sono venduti e fatturati da Marigroup &amp; CO. s.r.l., con sede in Via Regno Unito 23, 56032 Buti (PI), C.F. P. IVA n. 01900940501.<\/p>\n<p>Per qualsiasi informazione in merito agli ordini, alle spedizioni e, pi\u00f9 in generale, agli acquisiti, \u00e8 possibile contattare il\u00a0<em>customer care<\/em>\u00a0KONTESSA ai seguenti recapiti:<\/p>\n<p>Mail:\u00a0<strong>press@kontessa.it<\/strong><\/p>\n<p>Telefono: +39 0587\/723484 Dal Luned\u00ec al Venerd\u00ec 08:30-13:00 14:30-18:00<\/p>\n<p>\u00a0<\/p>\n<div class=\"wp-block-spacer\" style=\"height: 1em;\" aria-hidden=\"true\">\u00a0<\/div>\n<p><strong>CONDIZIONI GENERALI DI VENDITA<\/strong><\/p>\n<p><strong>Accettazione delle condizioni generali di vendita e conclusione del contratto<\/strong><\/p>\n<p>Il contratto stipulato tra Marigroup &amp; Co. srl e il Cliente (ossia il soggetto, persona fisica, che effettua l\u2019acquisto sul Sito, non riferibili alla propria attivit\u00e0 commerciale, imprenditoriale o professionale) deve\u00a0 intendersi concluso con l&#8217;accettazione, anche solo parziale, dell&#8217;ordine da parte di Marigroup &amp; Co. s.r.l. Nel caso di mancata accettazione dell&#8217;ordine, Marigroup &amp; Co. s.r.l provveder\u00e0 a darne in ogni caso tempestiva comunicazione al Cliente.<\/p>\n<p>Effettuando un ordine nelle varie modalit\u00e0 previste, secondo il form di ordine presente sul Sito (di seguito l'&#8221;<strong>Ordine<\/strong>&#8220;),\u00a0 il Cliente dichiara di aver preso visione di tutte le indicazioni a lui fornite durante la procedura d&#8217;acquisto e di accettare integralmente le presenti condizioni generali (di seguito le &#8220;<strong>Condizioni<\/strong>&#8220;).<\/p>\n<p>Le presenti Condizioni possono essere stampate o salvate su supporto durevole, nel rispetto di quanto previsto dall&#8217;art. 12 del D.Lgs. 70\/2003 e dall\u2019art. 51 del D.Lgs. 206\/2005, cos\u00ec come modificato dal D.Lgs. 21\/2014.\u00a0<\/p>\n<div class=\"wp-block-spacer\" style=\"height: 1em;\" aria-hidden=\"true\">\u00a0<\/div>\n<p><strong>Modalit\u00e0 di acquisto<\/strong><\/p>\n<p>I prodotti offerti in vendita da Marigroup &amp; Co. s.r.l sono unicamente quelli presenti sul sito di Kontessa al momento dell&#8217;inoltro dell&#8217;Ordine, cos\u00ec come descritti nelle relative schede informative.<\/p>\n<p>Resta in ogni caso inteso che le immagini a corredo della scheda descrittiva di un prodotto sono ad esclusivo scopo informativo e possono non essere perfettamente rappresentative delle sue caratteristiche ma differire ad es. per colore e dimensioni (anche in ragione del browser e del monitor utilizzati per l\u2019accesso al Sito e la visualizzazione delle immagini).<\/p>\n<p>Il Cliente per effettuare un Ordine dovr\u00e0 compilare in ogni sua parte il relativo form presente sul Sito ed inviare il medesimo dopo aver attentamente visionato le Condizioni, nonch\u00e9 le caratteristiche del prodotto e\/o dei prodotti che intende acquistare. Il Cliente dovr\u00e0 altres\u00ec richiedere a Marigroup &amp; Co. s.r.l, ove la desideri, l&#8217;emissione di fattura fiscale relativa all&#8217;acquisto, ai sensi dell&#8217;art. 22 D.p.R. n. 633\/1972.<\/p>\n<p>La corretta ricezione dell&#8217;Ordine \u00e8 confermata da Marigroup &amp; Co. s.r.l mediante una risposta via e-mail, inviata all&#8217;indirizzo di posta elettronica comunicato dal Cliente.<\/p>\n<p>Il contratto di vendita di cui alle presenti Condizioni e la relativa esecuzione e regolato dalla Legge Italiana, con la disapplicazione delle norme di conflitto e della Convenzione delle Nazioni Unite per la Vendita Internazionale di Beni. Per la soluzione delle relative controversie sar\u00e0 competente il Tribunale del comune di residenza del Cliente.<\/p>\n<p>&nbsp;<\/p>\n\n\t\t<\/div>\n\t<\/div>\n<\/div><\/div><\/div><\/div>\r\n<p><strong>Privacy<\/strong><\/p>\r\n\r\n<p>&nbsp;<\/p>\r\n\r\n<p>I dati personali raccolti con l&#8217;inoltro dell&#8217;Ordine verranno trattati da Marigroup &amp; Co. s.r.l al solo fine di soddisfare le espresse richieste del Cliente,\u00a0nel rispetto del Regolamento EU 2016\/679\u00a0e dell&#8217;informativa privacy presente sul sito. Eventuali ulteriori trattamenti verranno effettuati unicamente con l&#8217;espresso consenso del Cliente.<\/p>\r\n<p>&nbsp;<\/p>\r\n<p>\u00a0<strong>Legge applicabile<\/strong><\/p>\r\n\r\n<p>&nbsp;<\/p>\r\n\r\n<p><!-- wp:paragraph -->Il contratto di vendita di cui alle presenti Condizioni e la relativa esecuzione e regolato dalla Legge Italiana, con la disapplicazione delle norme di conflitto e della Convenzione delle Nazioni Unite per la Vendita Internazionale di Beni. Per la soluzione delle relative controversie sar\u00e0 competente il Tribunale del comune di residenza del Cliente.<\/p>\r\n<p>&nbsp;<\/p>\r\n<p>[\/vc_column_text][\/vc_column][\/vc_row]<\/p>\r\n<p>Tale messaggio di conferma riporter\u00e0 sinteticamente le condizioni di acquisto, come previsto dalla normativa applicabile, nonch\u00e9 i dati inseriti nell&#8217;Ordine dal Cliente, affinch\u00e9 lo stesso possa verificare gli stessi ed eventualmente comunicare senza ritardo le necessarie correzioni di dati errati.<\/p>\r\n\r\n<div class=\"wp-block-spacer\" style=\"height: 1em;\" aria-hidden=\"true\">\u00a0<\/div>\r\n<p><a style=\"position: relative; top: -130px;\" name=\"pagamenti\"><\/a><br \/><\/p>\r\n<p><strong>Prezzi e\u00a0Modalit\u00e0 di pagamento<\/strong><\/p>\r\n\r\n<p>I prezzi indicati sul sito sono da considerarsi comprensivi delle tasse e dell&#8217;IVA. Eventuali costi di spedizione o spese di pagamento vengono in ogni caso comunicati preventivamente al Cliente attraverso il sito o le presenti Condizioni.<\/p>\r\n\r\n<p>Sono previste le seguenti modalit\u00e0 di pagamento:<\/p>\r\n\r\n<p>(i) PayPal<\/p>\r\n\r\n<p>Per il pagamento pu\u00f2 essere utilizzato dal cliente il circuito Paypal secondo le modalit\u00e0 specifiche dello stesso.<\/p>\r\n\r\n<p>(ii) Carta di credito<\/p>\r\n\r\n<p>Nei casi di acquisto della merce con modalit\u00e0 di pagamento Carta di Credito, la transazione potr\u00e0 avvenire attraverso il servizio sicuro offerto da Paypal o altro servizio prescelto da Marigroup &amp; Co. s.r.l.<\/p>\r\n\r\n<p>In nessun caso ed in nessuna fase del pagamento Marigroup &amp; Co. s.r.l sar\u00e0 in grado di conoscere le informazioni relative alla carta di credito del Cliente, trasmesse tramite connessione protetta direttamente al sito dell&#8217;istituto bancario che gestisce la transazione. Nessun archivio informatico di Marigroup &amp; Co. s.r.l conserver\u00e0 tali dati e pertanto in nessun caso Marigroup &amp; Co. s.r.l potr\u00e0 essere ritenuta responsabile per l&#8217;eventuale uso fraudolento e indebito di carte di credito da parte di terzi all&#8217;atto del pagamento. Il venditore si riserva la facolt\u00e0 di richiedere al cliente documenti integrativi comprovanti la titolarit\u00e0 della carta di credito. In mancanza dell&#8217;invio della documentazione il venditore riserva la facolt\u00e0 di non accettare l&#8217;ordine. La sicurezza delle transazioni \u00e8 garantita da un sistema di crittografia dei dati (SSL) e da collegamenti diretti, protetti e certificati.<\/p>\r\n\r\n<p>(iii) Bonifico (solo per Paesi dell\u2019Unione Europea)<\/p>\r\n\r\n<p>In caso di acquisto con bonifico, verranno visualizzate le coordinate bancarie per il pagamento. La spedizione della merce avverr\u00e0 solo alla ricezione effettiva del pagamento in banca.<\/p>\r\n\r\n<p>(iiii) Contrassegno (solo per l\u2019Italia)<\/p>\r\n\r\n<p>In caso di pagamento in contrassegno, il pagamento dovr\u00e0 essere eseguito esclusivamente con denaro contante al momento della consegna dei prodotti acquistati. Il pagamento in contrassegno comporta un ulteriore spesa di Euro 3,00 a carico del Cliente per spese d&#8217;incasso. Il pagamento in contrassegno potr\u00e0 essere effettuato unicamente per acquisti di importo inferiore ad Euro 80,00.\u00a0<\/p>\r\n\r\n<div class=\"wp-block-spacer\" style=\"height: 1em;\" aria-hidden=\"true\">\u00a0<\/div>\r\n\r\n<p><strong>Consegna dei prodotti e relative spese<\/strong><\/p>\r\n\r\n<p>I prodotti acquistati verranno consegnati all&#8217;indirizzo indicato dal Cliente nell\u2019Ordine entro 24-48 ore dall&#8217;accettazione dell&#8217;Ordine da parte di Marigroup &amp; Co. s.r.l, al costo indicato specificamente nel Sito prima dell\u2019invio dell\u2019Ordine. Marigroup &amp; Co. s.r.l si riserva la facolt\u00e0 di accettare o meno consegne richieste fuori dai confini italiani o europei. In ogni caso, per consegne da eseguirsi fuori dai confini italiani, le spese di spedizione ed i tempi di consegna potrebbero subire variazioni.<\/p>\r\n\r\n<p>Relativamente alle consegne richieste in paesi non appartenenti all\u2019Unione Europea, eventuali spese doganali di importazione saranno a carico del destinatario. Si invita pertanto il Cliente a contattare preventivamente le autorit\u00e0 doganali del proprio paese per verificare i costi e gli eventuali limiti di importazione.<\/p>\r\n\r\n<p>I tempi di consegna indicati da Marigroup &amp; Co. s.r.l devono considerarsi come puramente indicativi ed un ritardo rispetto agli stessi, ovvero l\u2019eventuale consegna effettuata con successive spedizioni frazionate non legittimano il Cliente al rifiuto della consegna medesima ed alla richiesta di risarcimenti o indennizzi.<\/p>\r\n\r\n<p>Al momento della consegna dei prodotti, il Cliente \u00e8 tenuto a controllare:\u00a0<\/p>\r\n\r\n<ul>\r\n<li>che il numero dei colli in consegna corrisponda a quanto indicato nel documento di trasporto.<\/li>\r\n<li>che l&#8217;imballo risulti integro, non danneggiato, n\u00e9 bagnato o comunque alterato, anche nei materiali di chiusura (nastro adesivo o reggette metalliche).<\/li>\r\n<\/ul>\r\n\r\n<p>Eventuali danni all&#8217;imballo e\/o al prodotto o la mancata corrispondenza del numero dei colli o delle indicazioni, dovranno essere immediatamente rilevati, apponendo una specifica indicazione sul documento di consegna del prodotto da riconsegnarsi al corriere.<\/p>\r\n<p>Eventuali problemi inerenti l&#8217;integrit\u00e0 fisica, la corrispondenza o la completezza dei prodotti ricevuti devono essere segnalati entro 7 giorni dalla avvenuta consegna, secondo le modalit\u00e0 previste nel presente documento.<\/p>\r\n\r\n<p>Nel caso di decadenza del diritto di recesso, Marigroup &amp; Co. s.r.l provveder\u00e0 a restituire al mittente il prodotto acquistato, addebitando allo stesso le spese di spedizione e, ove gi\u00e0 rimborsato, il prezzo del prodotto.<\/p>\r\n\r\n<p><a style=\"position: relative; top: -130px;\" name=\"recesso\"><\/a><br \/><\/p>\r\n<p><strong>Diritto di recesso<\/strong><\/p>\r\n\r\n<p><strong>\u00a0<\/strong>Ai sensi dell&#8217;art. 52 del D. Lgs. 206\/2005, cos\u00ec come modificato dal D.Lgs. 21\/2014, il Cliente potr\u00e0 recedere dalle Condizioni e pertanto dal contratto di acquisto per qualsiasi motivo, senza necessit\u00e0 di addurre motivazioni e senza alcuna penalit\u00e0, entro 14 (quattordici) giorni lavorativi dalla data di ricevimento dei prodotti.<\/p>\r\n\r\n<p>Per esercitare il diritto di recesso di cui al precedente articolo 5.1, Cliente dovr\u00e0 inviare a Marigroup &amp; Co. s.r.l una comunicazione in tal senso, entro i termini indicati, al seguente indirizzo email\u00a0<strong>press@kontessa.it<\/strong>\u00a0o utilizzando l\u2019apposito modulo presente sul sito.<\/p>\r\n\r\n<p>In caso di recesso il Cliente dovr\u00e0 reinviare a sue spese i prodotti a Marigroup &amp; Co. s.r.l entro 14 (quattordici) giorni dal recesso medesimo, al seguente indirizzo (in base alla provenienza del pacco): VIAR REGNO UNITO, 23 \u2013 LOC. LA TURA 56032 BUTI (PI)<\/p>\r\n\r\n<p>La merce dovr\u00e0 essere restituita integra, completa di tutte le sue parti e negli imballi originali (buste e confezioni), custodita ed eventualmente adoperata per il tempo strettamente necessario per stabilirne e verificarne natura, caratteristiche e taglia, secondo la normale diligenza, senza che vi siano segni di usura o sporcizia, nel rispetto delle condizioni di seguito riportate:\u00a0<\/p>\r\n\r\n<ul>\r\n<li>il diritto di recesso potr\u00e0 applicarsi al prodotto acquistato nella sua interezza; non \u00e8 infatti\u00a0 possibile esercitare recesso solamente su parte del prodotto acquistato (es.: accessori, complementi, ecc&#8230;);<\/li>\r\n<li>perch\u00e9 il recesso sia possibile, il prodotto dovr\u00e0 essere integro e restituito nella confezione originale, completa in tutte le sue parti (compresi imballo ed eventuale documentazione e dotazione accessoria: etichette, cartellini, tags, sigilli, ecc&#8230;);<\/li>\r\n<li>Il reso del prodotto deve essere preceduto da un&#8217;email, ove si comunica la data di spedizione del prodotto stesso e la data del rientro del prodotto presso Marigroup &amp; Co. s.r.l.<\/li>\r\n<li>la spedizione, fino all&#8217;attestato di avvenuto ricevimento nel magazzino indicato da Marigroup &amp; Co. s.r.l, \u00e8 sotto la completa responsabilit\u00e0 del cliente;<\/li>\r\n<li>in caso di danneggiamento del bene durante il trasporto, Marigroup &amp; Co. s.r.l ne dar\u00e0 comunicazione al Cliente, per consentirgli di sporgere tempestivamente denuncia nei confronti del corriere da lui scelto ed ottenere il relativo rimborso; il prodotto sar\u00e0 quindi messo a disposizione del Cliente, contemporaneamente annullando la richiesta di recesso;<\/li>\r\n<li>Marigroup &amp; Co. s.r.l u non risponder\u00e0 in nessun modo per danneggiamento, furto, smarrimento occorsi durante o comunque in dipendenza della spedizione per la restituzione.<\/li>\r\n<\/ul>\r\n\r\n<p>Marigroup &amp; Co. s.r.l provveder\u00e0 a rimborsare al Cliente l&#8217;intero importo gi\u00e0 pagato, al netto degli eventuali costi supplementari di spedizione ai sensi dell\u2019art. 56, comma 2, del D. lgs. 21\/14)\u00a0\u00a0entro 14 (quattordici) giorni dal recesso, tramite procedura di storno dell&#8217;importo addebitato, utilizzando lo stesso mezzo di pagamento utilizzato dal Cliente per la transazione iniziale, salvo diverso accordo. In ogni caso il Cliente non sosterr\u00e0 alcun costo quale conseguenza di detto rimborso.. Marigroup &amp; Co. s.r.l potr\u00e0 sospendere il rimborso sino al ricevimento del prodotto restituito ovvero sino al momento in cui il Cliente dimostri di aver correttamente rispedito il prodotto, se precedente.<\/p>\r\n\r\n<p>In ogni caso, il Cliente decadr\u00e0 dal diritto di recesso nei casi in cui Marigroup &amp; Co. s.r.l accerti che:\u00a0<\/p>\r\n\r\n<ul>\r\n<li>il prodotto restituito e\/o i suoi accessori, e\/o la sua confezione non sono integri;<\/li>\r\n<li>il prodotto \u00e8 mancante della sua confezione esterna e\/o dell&#8217;imballo interno originale;<\/li>\r\n<li>il prodotto \u00e8 mancante di elementi integranti lo stesso e\/o accessori (ad. Es. chiusure, lacci, fibbie, ecc.).<\/li>\r\n<\/ul>\r\n\r\n<p>Nel caso di decadenza del diritto di recesso, Marigroup &amp; Co. s.r.l provveder\u00e0 a restituire al mittente il prodotto acquistato, addebitando allo stesso le spese di spedizione e, ove gi\u00e0 rimborsato, il prezzo del prodotto.<\/p>\r\n<p>&nbsp;<\/p>\r\n\r\n<p>&nbsp;<\/p>\r\n\r\n<p><strong>Garanzie<\/strong><\/p>\r\n\r\n<p>&nbsp;<\/p>\r\n\r\n<p>Tutti i prodotti venduti da Marigroup &amp; Co. s.r.l sono coperti dalla garanzia di 24 (ventiquattro) mesi per i difetti di conformit\u00e0, ai sensi del Titolo III del D.Lg. 206\/2005. Per fruire dell&#8217;assistenza in garanzia, il Cliente dovr\u00e0 conservare la fattura, ovvero la ricevuta di pagamento, unitamente al documento di trasporto.<\/p>\r\n\r\n<p>La garanzia per difetti di conformit\u00e0 si applicher\u00e0 purch\u00e9 il relativo prodotto sia stato utilizzato correttamente, nel rispetto della sua destinazione d&#8217;uso e di quanto previsto nelle istruzioni d\u2019uso e lavaggio presenti nel e\/o con il prodotto.<\/p>\r\n\r\n<p>Nei casi in cui l&#8217;applicazione delle garanzie preveda la restituzione del prodotto, lo stesso dovr\u00e0 essere restituito dal Cliente nella confezione originale, completa in tutte le sue parti (compresi imballo ed eventuale documentazione e dotazione accessoria).<\/p>\r\n<p>\u00a0<\/p>\r\n\r\n<div class=\"wp-block-spacer\" style=\"height: 1em;\" aria-hidden=\"true\">\u00a0<\/div>\r\n\r\n<p><strong>Reclami e richiesta di informazioni<\/strong><\/p>\r\n\r\n<p>Ogni eventuale reclamo o richiesta di informazione potr\u00e0 essere indirizzato a Marigroup &amp; Co. s.r.l ai seguenti recapiti:<\/p>\r\n\r\n<p>E-mail customer care: \u00a0<strong><a href=\"mailto:press@kontessa.it\">press@kontessa.it<\/a><\/strong><\/p>\r\n\r\n<p>Telefono: +39 0587\/723484 Dal Luned\u00ec al Venerd\u00ec 08:30-13:00 14:30-18:00<\/p>\r\n<p>\u00a0<\/p>\r\n\r\n<p><!-- wp:paragraph --><strong>Privacy<\/strong><\/p>\r\n<!-- wp:html -->\r\n<p>&nbsp;<\/p>\r\n<!-- \/wp:paragraph -->\r\n<p><!-- wp:paragraph -->I dati personali raccolti con l&#8217;inoltro dell&#8217;Ordine verranno trattati da Marigroup &amp; Co. s.r.l al solo fine di soddisfare le espresse richieste del Cliente,\u00a0nel rispetto del Regolamento EU 2016\/679\u00a0e dell&#8217;informativa privacy presente sul sito. Eventuali ulteriori trattamenti verranno effettuati unicamente con l&#8217;espresso consenso del Cliente.<\/p>\r\n<p>&nbsp;<\/p>\r\n<p><!-- \/wp:paragraph -->\u00a0<strong>Legge applicabile<\/strong><\/p>\r\n<!-- wp:html -->\r\n<p>&nbsp;<\/p>\r\n<!-- \/wp:paragraph -->\r\n<p><!-- wp:paragraph -->Il contratto di vendita di cui alle presenti Condizioni e la relativa esecuzione e regolato dalla Legge Italiana, con la disapplicazione delle norme di conflitto e della Convenzione delle Nazioni Unite per la Vendita Internazionale di Beni. Per la soluzione delle relative controversie sar\u00e0 competente il Tribunale del comune di residenza del Cliente.<\/p>\r\n<p>&nbsp;<\/p>\r\n<p>[\/vc_column_text][\/vc_column][\/vc_row]<\/p>","protected":false},"excerpt":{"rendered":"TERMINI E CONDIZIONI I prodotti in vendita su\u00a0www.kontessa.it, (di seguito il \u201cSito\u201d) sono venduti e fatturati da Marigroup &amp; CO. s.r.l., con sede in Via Regno Unito 23, 56032 Buti (PI), C.F. P. IVA n. 01900940501. Per qualsiasi informazione in merito agli ordini, alle spedizioni e, pi\u00f9 in generale, agli acquisiti, \u00e8 possibile contattare il\u00a0customer care\u00a0KONTESSA ai seguenti recapiti: Mail:\u00a0press@kontessa.it&hellip;","protected":false},"author":1,"featured_media":0,"parent":0,"menu_order":0,"comment_status":"closed","ping_status":"closed","template":"","meta":{"inline_featured_image":false},"yoast_head":"<!-- This site is optimized with the Yoast SEO plugin v20.4 - https:\/\/yoast.com\/wordpress\/plugins\/seo\/ -->\n<title>Termini e condizioni - Kontessa<\/title>\n<meta name=\"robots\" content=\"index, follow, max-snippet:-1, max-image-preview:large, max-video-preview:-1\" \/>\n<link rel=\"canonical\" href=\"https:\/\/kontessa.it\/en\/termini-e-condizioni\/\" \/>\n<meta property=\"og:locale\" content=\"en_GB\" \/>\n<meta property=\"og:type\" content=\"article\" \/>\n<meta property=\"og:title\" content=\"Termini e condizioni - Kontessa\" \/>\n<meta property=\"og:url\" content=\"https:\/\/kontessa.it\/en\/termini-e-condizioni\/\" \/>\n<meta property=\"og:site_name\" content=\"Kontessa\" \/>\n<meta property=\"article:publisher\" content=\"https:\/\/www.facebook.com\/kontessaofficial\" \/>\n<meta property=\"article:modified_time\" content=\"2022-10-20T14:04:00+00:00\" \/>\n<meta name=\"twitter:card\" content=\"summary_large_image\" \/>\n<meta name=\"twitter:label1\" content=\"Estimated reading time\" \/>\n\t<meta name=\"twitter:data1\" content=\"10 minutes\" \/>\n<script type=\"application\/ld+json\" class=\"yoast-schema-graph\">{\"@context\":\"https:\/\/schema.org\",\"@graph\":[{\"@type\":\"WebPage\",\"@id\":\"https:\/\/kontessa.it\/termini-e-condizioni\/\",\"url\":\"https:\/\/kontessa.it\/termini-e-condizioni\/\",\"name\":\"Termini e condizioni - Kontessa\",\"isPartOf\":{\"@id\":\"https:\/\/kontessa.it\/#website\"},\"datePublished\":\"2020-07-07T17:50:46+00:00\",\"dateModified\":\"2022-10-20T14:04:00+00:00\",\"breadcrumb\":{\"@id\":\"https:\/\/kontessa.it\/termini-e-condizioni\/#breadcrumb\"},\"inLanguage\":\"en-GB\",\"potentialAction\":[{\"@type\":\"ReadAction\",\"target\":[\"https:\/\/kontessa.it\/termini-e-condizioni\/\"]}]},{\"@type\":\"BreadcrumbList\",\"@id\":\"https:\/\/kontessa.it\/termini-e-condizioni\/#breadcrumb\",\"itemListElement\":[{\"@type\":\"ListItem\",\"position\":1,\"name\":\"Home\",\"item\":\"https:\/\/kontessa.it\/\"},{\"@type\":\"ListItem\",\"position\":2,\"name\":\"Termini e condizioni\"}]},{\"@type\":\"WebSite\",\"@id\":\"https:\/\/kontessa.it\/#website\",\"url\":\"https:\/\/kontessa.it\/\",\"name\":\"Kontessa\",\"description\":\"Entra nel mondo kontessa.it\",\"publisher\":{\"@id\":\"https:\/\/kontessa.it\/#organization\"},\"potentialAction\":[{\"@type\":\"SearchAction\",\"target\":{\"@type\":\"EntryPoint\",\"urlTemplate\":\"https:\/\/kontessa.it\/?s={search_term_string}\"},\"query-input\":\"required name=search_term_string\"}],\"inLanguage\":\"en-GB\"},{\"@type\":\"Organization\",\"@id\":\"https:\/\/kontessa.it\/#organization\",\"name\":\"Kontessa\",\"url\":\"https:\/\/kontessa.it\/\",\"logo\":{\"@type\":\"ImageObject\",\"inLanguage\":\"en-GB\",\"@id\":\"https:\/\/kontessa.it\/#\/schema\/logo\/image\/\",\"url\":\"https:\/\/kontessa.it\/wp-content\/uploads\/2022\/09\/Logo-Kontessa.png\",\"contentUrl\":\"https:\/\/kontessa.it\/wp-content\/uploads\/2022\/09\/Logo-Kontessa.png\",\"width\":600,\"height\":96,\"caption\":\"Kontessa\"},\"image\":{\"@id\":\"https:\/\/kontessa.it\/#\/schema\/logo\/image\/\"},\"sameAs\":[\"https:\/\/www.facebook.com\/kontessaofficial\",\"https:\/\/www.instagram.com\/kontessaofficial\/\"]}]}<\/script>\n<!-- \/ Yoast SEO plugin. -->","yoast_head_json":{"title":"Termini e condizioni - Kontessa","robots":{"index":"index","follow":"follow","max-snippet":"max-snippet:-1","max-image-preview":"max-image-preview:large","max-video-preview":"max-video-preview:-1"},"canonical":"https:\/\/kontessa.it\/en\/termini-e-condizioni\/","og_locale":"en_GB","og_type":"article","og_title":"Termini e condizioni - Kontessa","og_url":"https:\/\/kontessa.it\/en\/termini-e-condizioni\/","og_site_name":"Kontessa","article_publisher":"https:\/\/www.facebook.com\/kontessaofficial","article_modified_time":"2022-10-20T14:04:00+00:00","twitter_card":"summary_large_image","twitter_misc":{"Estimated reading time":"10 minutes"},"schema":{"@context":"https:\/\/schema.org","@graph":[{"@type":"WebPage","@id":"https:\/\/kontessa.it\/termini-e-condizioni\/","url":"https:\/\/kontessa.it\/termini-e-condizioni\/","name":"Termini e condizioni - Kontessa","isPartOf":{"@id":"https:\/\/kontessa.it\/#website"},"datePublished":"2020-07-07T17:50:46+00:00","dateModified":"2022-10-20T14:04:00+00:00","breadcrumb":{"@id":"https:\/\/kontessa.it\/termini-e-condizioni\/#breadcrumb"},"inLanguage":"en-GB","potentialAction":[{"@type":"ReadAction","target":["https:\/\/kontessa.it\/termini-e-condizioni\/"]}]},{"@type":"BreadcrumbList","@id":"https:\/\/kontessa.it\/termini-e-condizioni\/#breadcrumb","itemListElement":[{"@type":"ListItem","position":1,"name":"Home","item":"https:\/\/kontessa.it\/"},{"@type":"ListItem","position":2,"name":"Termini e condizioni"}]},{"@type":"WebSite","@id":"https:\/\/kontessa.it\/#website","url":"https:\/\/kontessa.it\/","name":"Kontessa","description":"Entra nel mondo kontessa.it","publisher":{"@id":"https:\/\/kontessa.it\/#organization"},"potentialAction":[{"@type":"SearchAction","target":{"@type":"EntryPoint","urlTemplate":"https:\/\/kontessa.it\/?s={search_term_string}"},"query-input":"required name=search_term_string"}],"inLanguage":"en-GB"},{"@type":"Organization","@id":"https:\/\/kontessa.it\/#organization","name":"Kontessa","url":"https:\/\/kontessa.it\/","logo":{"@type":"ImageObject","inLanguage":"en-GB","@id":"https:\/\/kontessa.it\/#\/schema\/logo\/image\/","url":"https:\/\/kontessa.it\/wp-content\/uploads\/2022\/09\/Logo-Kontessa.png","contentUrl":"https:\/\/kontessa.it\/wp-content\/uploads\/2022\/09\/Logo-Kontessa.png","width":600,"height":96,"caption":"Kontessa"},"image":{"@id":"https:\/\/kontessa.it\/#\/schema\/logo\/image\/"},"sameAs":["https:\/\/www.facebook.com\/kontessaofficial","https:\/\/www.instagram.com\/kontessaofficial\/"]}]}},"_links":{"self":[{"href":"https:\/\/kontessa.it\/en\/wp-json\/wp\/v2\/pages\/132"}],"collection":[{"href":"https:\/\/kontessa.it\/en\/wp-json\/wp\/v2\/pages"}],"about":[{"href":"https:\/\/kontessa.it\/en\/wp-json\/wp\/v2\/types\/page"}],"author":[{"embeddable":true,"href":"https:\/\/kontessa.it\/en\/wp-json\/wp\/v2\/users\/1"}],"replies":[{"embeddable":true,"href":"https:\/\/kontessa.it\/en\/wp-json\/wp\/v2\/comments?post=132"}],"version-history":[{"count":25,"href":"https:\/\/kontessa.it\/en\/wp-json\/wp\/v2\/pages\/132\/revisions"}],"predecessor-version":[{"id":16895,"href":"https:\/\/kontessa.it\/en\/wp-json\/wp\/v2\/pages\/132\/revisions\/16895"}],"wp:attachment":[{"href":"https:\/\/kontessa.it\/en\/wp-json\/wp\/v2\/media?parent=132"}],"curies":[{"name":"wp","href":"https:\/\/api.w.org\/{rel}","templated":true}]}}