{"id":134,"date":"2020-07-07T19:51:29","date_gmt":"2020-07-07T17:51:29","guid":{"rendered":"http:\/\/kontessa.it\/?page_id=134"},"modified":"2022-09-14T16:47:40","modified_gmt":"2022-09-14T14:47:40","slug":"cookie-policy","status":"publish","type":"page","link":"https:\/\/kontessa.it\/es\/cookie-policy\/","title":{"rendered":"Cookie policy"},"content":{"rendered":"<h2>Cookie Policy di www.kontessa.it<\/h2>\r\n\r\n\r\n\r\n<p>I Cookie o altri Identificatori sono costituiti da porzioni di codice collocate sul dispositivo dell&#8217;Utente che assistono il Titolare nell&#8217;erogazione del Servizio in base alle finalit\u00e0 descritte.<\/p>\r\n\r\n\r\n\r\n<p>Alcune delle finalit\u00e0 di utilizzo degli Identificatori potrebbero, inoltre, necessitare del consenso dell\u2019Utente. Qualora sia gi\u00e0 stato prestato, il consenso pu\u00f2 essere revocato liberamente in qualsiasi momento seguendo le istruzioni contenute in questo documento.<\/p>\r\n\r\n\r\n\r\n<h3>Attivit\u00e0 strettamente necessarie a garantire il Funzionamento di questa Applicazione e la fornitura del Servizio<\/h3>\r\n\r\n\r\n\r\n<p>Questa Applicazione usa Cookie o altri Identificatori per svolgere attivit\u00e0 che sono strettamente necessarie a garantire il funzionamento o la fornitura del Servizio e, pertanto, non richiedono il consenso degli Utenti. Gli Utenti possono disabilitare tali Identificatori modificando le impostazioni del proprio browser o del proprio dispositivo cos\u00ec come descritto pi\u00f9 dettagliatamente nel presente documento tuttavia ci\u00f2 potrebbe influire negativamente sulle funzioni operative di base o comportare l&#8217;indisponibilit\u00e0 del Servizio.<\/p>\r\n\r\n\r\n\r\n<h3>Altre Attivit\u00e0<\/h3>\r\n\r\n\r\n\r\n<h4>Esperienza migliorata<\/h4>\r\n\r\n\r\n\r\n<p>Questa Applicazione usa Cookie o altri Identificatori per fornire una user experience personalizzata migliorando la qualit\u00e0 della gestione delle impostazioni e consentendo l&#8217;interazione con network e piattaforme esterne.<\/p>\r\n\r\n\r\n\r\n<ul>\r\n<li>Interazione con social network e piattaforme esterne<\/li>\r\n<\/ul>\r\n\r\n\r\n\r\n<p>Questo tipo di servizi permette di effettuare interazioni con i social network, o con altre piattaforme esterne, direttamente dalle pagine di questa Applicazione.<br \/>Le interazioni e le informazioni acquisite da questa Applicazione sono in ogni caso soggette alle impostazioni privacy dell\u2019Utente relative ad ogni social network.<br \/>Questo tipo di servizio potrebbe comunque raccogliere dati sul traffico per le pagine dove il servizio \u00e8 installato, anche quando gli Utenti non lo utilizzano.<br \/>Si raccomanda di disconnettersi dai rispettivi servizi per assicurarsi che i dati elaborati su questa Applicazione non vengano ricollegati al profilo dell&#8217;Utente.<\/p>\r\n\r\n\r\n\r\n<p><strong>Pulsante Mi Piace e widget sociali di Facebook (Facebook, Inc.)<\/strong><\/p>\r\n\r\n\r\n\r\n<p>Il pulsante \u201cMi Piace\u201d e i widget sociali di Facebook sono servizi di interazione con il social network Facebook, forniti da Facebook, Inc.<\/p>\r\n\r\n\r\n\r\n<p>Dati Personali trattati: Cookie e Dati di utilizzo.<\/p>\r\n\r\n\r\n\r\n<p>Luogo del trattamento: Stati Uniti \u2013\u00a0<a href=\"https:\/\/www.facebook.com\/privacy\/explanation\" target=\"_blank\" rel=\"noreferrer noopener\">Pol\u00edtica de privacidad<\/a>. Soggetto aderente al Privacy Shield.<\/p>\r\n\r\n\r\n\r\n<ul>\r\n<li>Visualizzazione di contenuti da piattaforme esterne<\/li>\r\n<\/ul>\r\n\r\n\r\n\r\n<p>Questo tipo di servizi permette di visualizzare contenuti ospitati su piattaforme esterne direttamente dalle pagine di questa Applicazione e di interagire con essi.<br \/>Questo tipo di servizio potrebbe comunque raccogliere dati sul traffico web relativo alle pagine dove il servizio \u00e8 installato, anche quando gli utenti non lo utilizzano.<\/p>\r\n\r\n\r\n\r\n<p><strong>Widget Instagram (Instagram, Inc.)<br \/><\/strong> Instagram \u00e8 un servizio di visualizzazione di immagini gestito da Instagram, Inc. che permette a questa Applicazione di integrare tali contenuti all\u2019interno delle proprie pagine.<br \/>Dati Personali trattati: Cookie e Dati di utilizzo.<\/p>\r\n\r\n\r\n\r\n<p>Luogo del trattamento: Stati Uniti \u2013 Privacy Policy.<\/p>\r\n\r\n\r\n\r\n<h4>Misurazione<\/h4>\r\n\r\n\r\n\r\n<p>Questa Applicazione usa Cookie o altri Identificatori per misurare il traffico e analizzare il comportamento degli Utenti con l&#8217;obiettivo di migliorare il Servizio.<\/p>\r\n\r\n\r\n\r\n<ul>\r\n<li>Statistica<\/li>\r\n<\/ul>\r\n\r\n\r\n\r\n<p>I servizi contenuti nella presente sezione permettono al Titolare del Trattamento di monitorare e analizzare i dati di traffico e servono a tener traccia del comportamento dell\u2019Utente.<\/p>\r\n\r\n\r\n\r\n<p><strong>Google Analytics (Google LLC)<br \/><\/strong> Google Analytics \u00e8 un servizio di analisi web fornito da Google LLC (\u201cGoogle\u201d). Google utilizza i Dati Personali raccolti allo scopo di tracciare ed esaminare l\u2019utilizzo di questa Applicazione, compilare report e condividerli con gli altri servizi sviluppati da Google.<br \/>Google potrebbe utilizzare i Dati Personali per contestualizzare e personalizzare gli annunci del proprio network pubblicitario.<br \/>Dati Personali trattati: Cookie e Dati di utilizzo.<\/p>\r\n\r\n\r\n\r\n<p>Luogo del trattamento: Stati Uniti \u2013 Privacy Policy \u2013 Opt Out. Soggetto aderente al Privacy Shield.<\/p>\r\n\r\n\r\n\r\n<h4>Targeting e Pubblicit\u00e0<\/h4>\r\n\r\n\r\n\r\n<p>Questa Applicazione usa Cookie o altri Identificatori per fornire contenuti commerciali personalizzati in base al comportamento dell&#8217;Utente e per gestire, fornire e tenere traccia degli annunci pubblicitari.<\/p>\r\n\r\n\r\n\r\n<ul>\r\n<li>Gestione contatti e invio di messaggi<\/li>\r\n<\/ul>\r\n\r\n\r\n\r\n<p>Questo tipo di servizi consente di gestire un database di contatti email, contatti telefonici o contatti di qualunque altro tipo, utilizzati per comunicare con l\u2019Utente.<br \/>Questi servizi potrebbero inoltre consentire di raccogliere dati relativi alla data e all\u2019ora di visualizzazione dei messaggi da parte dell\u2019Utente, cos\u00ec come all\u2019interazione dell&#8217;Utente con essi, come le informazioni sui click sui collegamenti inseriti nei messaggi.<\/p>\r\n\r\n\r\n\r\n<p><strong>SendinBlue Email (SendinBlue SAS)<br \/><\/strong> SendinBlue \u00e8 un servizio di gestione indirizzi e invio di messaggi email fornito da SendinBlue SAS.<br \/>Dati Personali trattati: Cookie, Dati di utilizzo e email.<\/p>\r\n\r\n\r\n\r\n<p>Luogo del trattamento: Francia \u2013 Privacy Policy.<\/p>\r\n\r\n\r\n\r\n<h3 id=\"manage_cookies\">Come prestare o revocare il consenso<\/h3>\r\n\r\n\r\n\r\n<p>Gli Utenti possono prestare o revocare il proprio consenso all\u2019uso dei Cookie e altri Identificatori impostando di conseguenza le proprie preferenze all\u2019interno dell\u2019infomativa sui cookie o aggiornando tali preferenze tramite l\u2019apposito widget per le impostazioni di consenso, se disponibile.<\/p>\r\n\r\n\r\n\r\n<p>In aggiunta, gli Utenti possono gestire le proprie preferenze relative agli Identificatori direttamente dalle impostazioni del proprio dispositivo e prevenire &#8211; per esempio &#8211; l&#8217;accettazione di Identificatori di terze parti. Tramite le impostazioni del browser o del dispositivo, \u00e8 inoltre possibile eliminare gli Identificatori salvati in passato, inclusi quelli usati per memorizzare il consenso iniziale prestato dall\u2019Utente. Gli Utenti possono, trovare informazioni su come gestire gli Identificatori con alcuni dei browser pi\u00f9 diffusi, ad esempio, ai seguenti indirizzi:\u00a0<a href=\"https:\/\/support.google.com\/chrome\/answer\/95647?hl=en&amp;p=cpn_cookies\" target=\"_blank\" rel=\"noreferrer noopener\">Google Chrome<\/a>,\u00a0<a href=\"https:\/\/support.mozilla.org\/en-US\/kb\/enable-and-disable-cookies-website-preferences\" target=\"_blank\" rel=\"noreferrer noopener\">Mozilla Firefox<\/a>,\u00a0<a href=\"https:\/\/support.apple.com\/guide\/safari\/manage-cookies-and-website-data-sfri11471\/\" target=\"_blank\" rel=\"noreferrer noopener\">Apple Safari<\/a>\u00a0y\u00a0<a href=\"http:\/\/windows.microsoft.com\/en-us\/windows-vista\/block-or-allow-cookies\" target=\"_blank\" rel=\"noreferrer noopener\">Microsoft Internet Explorer<\/a>.<\/p>\r\n\r\n\r\n\r\n<p>Con riferimento agli Identificatori impiegati da terze parti, gli Utenti possono gestire le proprie impostazioni e revocare il proprio consenso visitando il relativo link di opt out (qualora disponibile), utilizzando gli strumenti descritti nella privacy policy della terza parte o contattando direttamente la stessa.<\/p>\r\n\r\n\r\n\r\n<p>Fermo restando quanto precede, si informano gli Utenti della possibilit\u00e0 di avvalersi delle informazioni fornite da\u00a0<a href=\"http:\/\/www.youronlinechoices.eu\/\" target=\"_blank\" rel=\"noreferrer noopener\">YourOnlineChoices<\/a>\u00a0(EU), the\u00a0<a href=\"https:\/\/www.networkadvertising.org\/understanding-digital-advertising\" target=\"_blank\" rel=\"noreferrer noopener\">Network Advertising Initiative<\/a>\u00a0(USA) and the\u00a0<a href=\"https:\/\/www.aboutads.info\/consumers\/\" target=\"_blank\" rel=\"noreferrer noopener\">Digital Advertising Alliance<\/a>\u00a0(USA),\u00a0<a href=\"https:\/\/youradchoices.ca\/understanding-online-advertising\/\" target=\"_blank\" rel=\"noreferrer noopener\">DAAC<\/a>\u00a0(Canada),\u00a0<a href=\"http:\/\/www.ddai.info\/optout\" target=\"_blank\" rel=\"noreferrer noopener\">DDAI<\/a>\u00a0(Giappone) o altri servizi analoghi. Con questi servizi \u00e8 possibile gestire le preferenze di tracciamento della maggior parte degli strumenti pubblicitari. Il Titolare, pertanto, consiglia agli Utenti di utilizzare tali risorse in aggiunta alle informazioni fornite dal presente documento.<\/p>\r\n\r\n\r\n\r\n<h3 id=\"owner_of_the_data\">Titolare del Trattamento dei Dati<\/h3>\r\n\r\n\r\n\r\n<p>MARIGROUP &amp; CO SRL<br \/>VIA REGNO UNITO 23 \u2013 LOC. LA TURA<br \/>56032 CASCINE DI BUTI (PI)<br \/>P.IVA 01900940501<br \/>LEGALE RAPPRESENTANTE: BUTI MARISA<\/p>\r\n\r\n\r\n\r\n<p><strong>Indirizzo email del Titolare:<\/strong>\u00a0press@kontessa.it<\/p>\r\n\r\n\r\n\r\n<p>Dal momento che l\u2019uso di Cookie e altri Identificatori operato da terze parti tramite i servizi utilizzati all&#8217;interno di questa Applicazione non pu\u00f2 essere tecnicamente controllato dal Titolare, ogni riferimento specifico ad Identificatori utilizzati da terze parti \u00e8 da considerarsi indicativo. Per ottenere informazioni complete, l\u2019Utente \u00e8 invitato a consultare la privacy policy degli eventuali servizi terzi elencati in questo documento.<\/p>\r\n\r\n\r\n\r\n<p>Vista l&#8217;oggettiva complessit\u00e0 di identificazione delle tecnologie basate sui Cookie e altri Identificatori, gli Utenti sono invitati a contattare il Titolare qualora volessero ricevere qualunque approfondimento relativo all&#8217;utilizzo di tali Identificatori tramite questa Applicazione.<\/p>\r\n\r\n\r\n\r\n<p>&nbsp;<\/p>\r\n\r\n\r\n\r\n<h3>Definizioni e riferimenti legali<\/h3>\r\n\r\n\r\n\r\n<p><strong>Dati Personali (o Dati)<\/strong><\/p>\r\n\r\n\r\n\r\n<p>Costituisce dato personale qualunque informazione che, direttamente o indirettamente, anche in collegamento con qualsiasi altra informazione, ivi compreso un numero di identificazione personale, renda identificata o identificabile una persona fisica.<\/p>\r\n\r\n\r\n\r\n<p><strong>Dati di Utilizzo<\/strong><\/p>\r\n\r\n\r\n\r\n<p>Sono le informazioni raccolte automaticamente attraverso questa Applicazione (anche da applicazioni di parti terze integrate in questa Applicazione), tra cui: gli indirizzi IP o i nomi a dominio dei computer utilizzati dall\u2019Utente che si connette con questa Applicazione, gli indirizzi in notazione URI (Uniform Resource Identifier), l\u2019orario della richiesta, il metodo utilizzato nell\u2019inoltrare la richiesta al server, la dimensione del file ottenuto in risposta, il codice numerico indicante lo stato della risposta dal server (buon fine, errore, ecc.) il paese di provenienza, le caratteristiche del browser e del sistema operativo utilizzati dal visitatore, le varie connotazioni temporali della visita (ad esempio il tempo di permanenza su ciascuna pagina) e i dettagli relativi all\u2019itinerario seguito all\u2019interno dell\u2019Applicazione, con particolare riferimento alla sequenza delle pagine consultate, ai parametri relativi al sistema operativo e all\u2019ambiente informatico dell\u2019Utente.<\/p>\r\n\r\n\r\n\r\n<p><strong>Utente<\/strong><\/p>\r\n\r\n\r\n\r\n<p>L&#8217;individuo che utilizza questa Applicazione che, salvo ove diversamente specificato, coincide con l&#8217;Interessato.<\/p>\r\n\r\n\r\n\r\n<p><strong>Interessato<\/strong><\/p>\r\n\r\n\r\n\r\n<p>La persona fisica cui si riferiscono i Dati Personali.<\/p>\r\n\r\n\r\n\r\n<p><strong>Responsabile del Trattamento (o Responsabile)<\/strong><\/p>\r\n\r\n\r\n\r\n<p>La persona fisica, giuridica, la pubblica amministrazione e qualsiasi altro ente che tratta dati personali per conto del Titolare, secondo quanto esposto nella presente privacy policy.<\/p>\r\n\r\n\r\n\r\n<p><strong>Titolare del Trattamento (o Titolare)<\/strong><\/p>\r\n\r\n\r\n\r\n<p>La persona fisica o giuridica, l&#8217;autorit\u00e0 pubblica, il servizio o altro organismo che, singolarmente o insieme ad altri, determina le finalit\u00e0 e i mezzi del trattamento di dati personali e gli strumenti adottati, ivi comprese le misure di sicurezza relative al funzionamento ed alla fruizione di questa Applicazione. Il Titolare del Trattamento, salvo quanto diversamente specificato, \u00e8 il titolare di questa Applicazione.<\/p>\r\n\r\n\r\n\r\n<p><strong>Questa Applicazione<\/strong><\/p>\r\n\r\n\r\n\r\n<p>Lo strumento hardware o software mediante il quale sono raccolti e trattati i Dati Personali degli Utenti.<\/p>\r\n\r\n\r\n\r\n<p><strong>Servizio<\/strong><\/p>\r\n\r\n\r\n\r\n<p>Il Servizio fornito da questa Applicazione cos\u00ec come definito nei relativi termini (se presenti) su questo sito\/applicazione.<\/p>\r\n\r\n\r\n\r\n<blockquote class=\"wp-block-quote\">\r\n<p><strong>Unione Europea (o UE)<\/strong><\/p>\r\n<\/blockquote>\r\n\r\n\r\n\r\n<p>Salvo ove diversamente specificato, ogni riferimento all\u2019Unione Europea contenuto in questo documento si intende esteso a tutti gli attuali stati membri dell\u2019Unione Europea e dello Spazio Economico Europeo.<\/p>\r\n\r\n\r\n\r\n<p><strong>Cookie<\/strong><\/p>\r\n\r\n\r\n\r\n<p>I Cookie sono Identificatori che consistono in piccole porzioni di dati conservate all&#8217;interno del dispositivo dell&#8217;Utente.<\/p>\r\n\r\n\r\n\r\n<p><strong>Identificatori<\/strong><\/p>\r\n\r\n\r\n\r\n<p>Qualsiasi tecnologia &#8211; compresi i Cookie &#8211; che permette la conservazione di informazioni, o l\u2019accesso ad informazioni gi\u00e0 salvate, sul dispositivo dell\u2019Utente.<\/p>\r\n\r\n\r\n<hr class=\"wp-block-separator\" \/>\r\n\r\n\r\n<p><strong>Riferimenti legali<\/strong><\/p>\r\n\r\n\r\n\r\n<p>La presente informativa privacy \u00e8 redatta sulla base di molteplici ordinamenti legislativi, inclusi gli artt. 13 e 14 del Regolamento (UE) 2016\/679.<\/p>\r\n\r\n\r\n\r\n<p>Ove non diversamente specificato, questa informativa privacy riguarda esclusivamente questa Applicazione.<\/p>","protected":false},"excerpt":{"rendered":"<p>Cookie Policy di www.kontessa.it I Cookie o altri Identificatori sono costituiti da porzioni di codice collocate sul dispositivo dell&#8217;Utente che assistono il Titolare nell&#8217;erogazione del Servizio in base alle finalit\u00e0 descritte. Alcune delle finalit\u00e0 di utilizzo degli Identificatori potrebbero, inoltre, necessitare del consenso dell\u2019Utente. Qualora sia gi\u00e0 stato prestato, il consenso pu\u00f2 essere revocato liberamente in qualsiasi momento seguendo le&hellip;<\/p>","protected":false},"author":1,"featured_media":0,"parent":0,"menu_order":0,"comment_status":"closed","ping_status":"closed","template":"","meta":{"inline_featured_image":false},"yoast_head":"<!-- This site is optimized with the Yoast SEO plugin v20.4 - https:\/\/yoast.com\/wordpress\/plugins\/seo\/ -->\n<title>Cookie policy - Kontessa<\/title>\n<meta name=\"robots\" content=\"index, follow, max-snippet:-1, max-image-preview:large, max-video-preview:-1\" \/>\n<link rel=\"canonical\" href=\"https:\/\/kontessa.it\/es\/cookie-policy\/\" \/>\n<meta property=\"og:locale\" content=\"es_ES\" \/>\n<meta property=\"og:type\" content=\"article\" \/>\n<meta property=\"og:title\" content=\"Cookie policy - Kontessa\" \/>\n<meta property=\"og:description\" content=\"Cookie Policy di www.kontessa.it I Cookie o altri Identificatori sono costituiti da porzioni di codice collocate sul dispositivo dell&#8217;Utente che assistono il Titolare nell&#8217;erogazione del Servizio in base alle finalit\u00e0 descritte. Alcune delle finalit\u00e0 di utilizzo degli Identificatori potrebbero, inoltre, necessitare del consenso dell\u2019Utente. Qualora sia gi\u00e0 stato prestato, il consenso pu\u00f2 essere revocato liberamente in qualsiasi momento seguendo le&hellip;\" \/>\n<meta property=\"og:url\" content=\"https:\/\/kontessa.it\/es\/cookie-policy\/\" \/>\n<meta property=\"og:site_name\" content=\"Kontessa\" \/>\n<meta property=\"article:publisher\" content=\"https:\/\/www.facebook.com\/kontessaofficial\" \/>\n<meta property=\"article:modified_time\" content=\"2022-09-14T14:47:40+00:00\" \/>\n<meta name=\"twitter:card\" content=\"summary_large_image\" \/>\n<meta name=\"twitter:label1\" content=\"Tiempo de lectura\" \/>\n\t<meta name=\"twitter:data1\" content=\"8 minutos\" \/>\n<script type=\"application\/ld+json\" class=\"yoast-schema-graph\">{\"@context\":\"https:\/\/schema.org\",\"@graph\":[{\"@type\":\"WebPage\",\"@id\":\"https:\/\/kontessa.it\/cookie-policy\/\",\"url\":\"https:\/\/kontessa.it\/cookie-policy\/\",\"name\":\"Cookie policy - Kontessa\",\"isPartOf\":{\"@id\":\"https:\/\/kontessa.it\/#website\"},\"datePublished\":\"2020-07-07T17:51:29+00:00\",\"dateModified\":\"2022-09-14T14:47:40+00:00\",\"breadcrumb\":{\"@id\":\"https:\/\/kontessa.it\/cookie-policy\/#breadcrumb\"},\"inLanguage\":\"es\",\"potentialAction\":[{\"@type\":\"ReadAction\",\"target\":[\"https:\/\/kontessa.it\/cookie-policy\/\"]}]},{\"@type\":\"BreadcrumbList\",\"@id\":\"https:\/\/kontessa.it\/cookie-policy\/#breadcrumb\",\"itemListElement\":[{\"@type\":\"ListItem\",\"position\":1,\"name\":\"Home\",\"item\":\"https:\/\/kontessa.it\/\"},{\"@type\":\"ListItem\",\"position\":2,\"name\":\"Cookie policy\"}]},{\"@type\":\"WebSite\",\"@id\":\"https:\/\/kontessa.it\/#website\",\"url\":\"https:\/\/kontessa.it\/\",\"name\":\"Kontessa\",\"description\":\"Entra nel mondo kontessa.it\",\"publisher\":{\"@id\":\"https:\/\/kontessa.it\/#organization\"},\"potentialAction\":[{\"@type\":\"SearchAction\",\"target\":{\"@type\":\"EntryPoint\",\"urlTemplate\":\"https:\/\/kontessa.it\/?s={search_term_string}\"},\"query-input\":\"required name=search_term_string\"}],\"inLanguage\":\"es\"},{\"@type\":\"Organization\",\"@id\":\"https:\/\/kontessa.it\/#organization\",\"name\":\"Kontessa\",\"url\":\"https:\/\/kontessa.it\/\",\"logo\":{\"@type\":\"ImageObject\",\"inLanguage\":\"es\",\"@id\":\"https:\/\/kontessa.it\/#\/schema\/logo\/image\/\",\"url\":\"https:\/\/kontessa.it\/wp-content\/uploads\/2022\/09\/Logo-Kontessa.png\",\"contentUrl\":\"https:\/\/kontessa.it\/wp-content\/uploads\/2022\/09\/Logo-Kontessa.png\",\"width\":600,\"height\":96,\"caption\":\"Kontessa\"},\"image\":{\"@id\":\"https:\/\/kontessa.it\/#\/schema\/logo\/image\/\"},\"sameAs\":[\"https:\/\/www.facebook.com\/kontessaofficial\",\"https:\/\/www.instagram.com\/kontessaofficial\/\"]}]}<\/script>\n<!-- \/ Yoast SEO plugin. -->","yoast_head_json":{"title":"Cookie policy - Kontessa","robots":{"index":"index","follow":"follow","max-snippet":"max-snippet:-1","max-image-preview":"max-image-preview:large","max-video-preview":"max-video-preview:-1"},"canonical":"https:\/\/kontessa.it\/es\/cookie-policy\/","og_locale":"es_ES","og_type":"article","og_title":"Cookie policy - Kontessa","og_description":"Cookie Policy di www.kontessa.it I Cookie o altri Identificatori sono costituiti da porzioni di codice collocate sul dispositivo dell&#8217;Utente che assistono il Titolare nell&#8217;erogazione del Servizio in base alle finalit\u00e0 descritte. Alcune delle finalit\u00e0 di utilizzo degli Identificatori potrebbero, inoltre, necessitare del consenso dell\u2019Utente. Qualora sia gi\u00e0 stato prestato, il consenso pu\u00f2 essere revocato liberamente in qualsiasi momento seguendo le&hellip;","og_url":"https:\/\/kontessa.it\/es\/cookie-policy\/","og_site_name":"Kontessa","article_publisher":"https:\/\/www.facebook.com\/kontessaofficial","article_modified_time":"2022-09-14T14:47:40+00:00","twitter_card":"summary_large_image","twitter_misc":{"Tiempo de lectura":"8 minutos"},"schema":{"@context":"https:\/\/schema.org","@graph":[{"@type":"WebPage","@id":"https:\/\/kontessa.it\/cookie-policy\/","url":"https:\/\/kontessa.it\/cookie-policy\/","name":"Cookie policy - Kontessa","isPartOf":{"@id":"https:\/\/kontessa.it\/#website"},"datePublished":"2020-07-07T17:51:29+00:00","dateModified":"2022-09-14T14:47:40+00:00","breadcrumb":{"@id":"https:\/\/kontessa.it\/cookie-policy\/#breadcrumb"},"inLanguage":"es","potentialAction":[{"@type":"ReadAction","target":["https:\/\/kontessa.it\/cookie-policy\/"]}]},{"@type":"BreadcrumbList","@id":"https:\/\/kontessa.it\/cookie-policy\/#breadcrumb","itemListElement":[{"@type":"ListItem","position":1,"name":"Home","item":"https:\/\/kontessa.it\/"},{"@type":"ListItem","position":2,"name":"Cookie policy"}]},{"@type":"WebSite","@id":"https:\/\/kontessa.it\/#website","url":"https:\/\/kontessa.it\/","name":"Kontessa","description":"Entra nel mondo kontessa.it","publisher":{"@id":"https:\/\/kontessa.it\/#organization"},"potentialAction":[{"@type":"SearchAction","target":{"@type":"EntryPoint","urlTemplate":"https:\/\/kontessa.it\/?s={search_term_string}"},"query-input":"required name=search_term_string"}],"inLanguage":"es"},{"@type":"Organization","@id":"https:\/\/kontessa.it\/#organization","name":"Kontessa","url":"https:\/\/kontessa.it\/","logo":{"@type":"ImageObject","inLanguage":"es","@id":"https:\/\/kontessa.it\/#\/schema\/logo\/image\/","url":"https:\/\/kontessa.it\/wp-content\/uploads\/2022\/09\/Logo-Kontessa.png","contentUrl":"https:\/\/kontessa.it\/wp-content\/uploads\/2022\/09\/Logo-Kontessa.png","width":600,"height":96,"caption":"Kontessa"},"image":{"@id":"https:\/\/kontessa.it\/#\/schema\/logo\/image\/"},"sameAs":["https:\/\/www.facebook.com\/kontessaofficial","https:\/\/www.instagram.com\/kontessaofficial\/"]}]}},"_links":{"self":[{"href":"https:\/\/kontessa.it\/es\/wp-json\/wp\/v2\/pages\/134"}],"collection":[{"href":"https:\/\/kontessa.it\/es\/wp-json\/wp\/v2\/pages"}],"about":[{"href":"https:\/\/kontessa.it\/es\/wp-json\/wp\/v2\/types\/page"}],"author":[{"embeddable":true,"href":"https:\/\/kontessa.it\/es\/wp-json\/wp\/v2\/users\/1"}],"replies":[{"embeddable":true,"href":"https:\/\/kontessa.it\/es\/wp-json\/wp\/v2\/comments?post=134"}],"version-history":[{"count":3,"href":"https:\/\/kontessa.it\/es\/wp-json\/wp\/v2\/pages\/134\/revisions"}],"predecessor-version":[{"id":15725,"href":"https:\/\/kontessa.it\/es\/wp-json\/wp\/v2\/pages\/134\/revisions\/15725"}],"wp:attachment":[{"href":"https:\/\/kontessa.it\/es\/wp-json\/wp\/v2\/media?parent=134"}],"curies":[{"name":"wp","href":"https:\/\/api.w.org\/{rel}","templated":true}]}}