{"id":16545,"date":"2022-10-14T09:32:49","date_gmt":"2022-10-14T07:32:49","guid":{"rendered":"https:\/\/kontessa.it\/?page_id=16545"},"modified":"2022-10-14T09:33:35","modified_gmt":"2022-10-14T07:33:35","slug":"pagamenti","status":"publish","type":"page","link":"https:\/\/kontessa.it\/es\/pagamenti\/","title":{"rendered":"Pagos"},"content":{"rendered":"<div class=\"vc_row wpb_row vc_row-fluid la_fp_slide la_fp_child_section\"><div class=\"wpb_column vc_column_container vc_col-sm-12\"><div class=\"vc_column-inner\"><div class=\"wpb_wrapper\">\n\t<div class=\"wpb_text_column wpb_content_element\" >\n\t\t<div class=\"wpb_wrapper\">\n\t\t\t<p><!-- \/wp:paragraph --><\/p>\n<p><!-- wp:html --><!-- \/wp:html --><\/p>\n<p>&nbsp;<\/p>\n<p><!-- wp:heading {\"level\":1} --><\/p>\n<h1>ORDINI E PAGAMENTI<\/h1>\n<p><!-- \/wp:heading --><\/p>\n<p><!-- wp:paragraph --><strong>Modalit\u00e0 di acquisto<\/strong><\/p>\n<p><!-- \/wp:paragraph --><\/p>\n<p><!-- wp:paragraph -->I prodotti offerti in vendita da Marigroup &amp; Co. s.r.l sono unicamente quelli presenti sul sito di KONTESSA al momento dell&#8217;inoltro dell&#8217;Ordine, cos\u00ec come descritti nelle relative schede informative.<\/p>\n<p><!-- \/wp:paragraph --><\/p>\n<p><!-- wp:paragraph -->Resta in ogni caso inteso che le immagini a corredo della scheda descrittiva di un prodotto sono ad esclusivo scopo informativo e possono non essere perfettamente rappresentative delle sue caratteristiche ma differire ad es. per colore e dimensioni (anche in ragione del browser e del monitor utilizzati per l\u2019accesso al Sito e la visualizzazione delle immagini).<\/p>\n<p><!-- \/wp:paragraph --><\/p>\n<p><!-- wp:paragraph -->Il Cliente per effettuare un Ordine dovr\u00e0 compilare in ogni sua parte il relativo form presente sul Sito ed inviare il medesimo dopo aver attentamente visionato le Condizioni, nonch\u00e9 le caratteristiche del prodotto e\/o dei prodotti che intende acquistare. Il Cliente dovr\u00e0 altres\u00ec richiedere a Marigroup &amp; Co. s.r.l, ove la desideri, l&#8217;emissione di fattura fiscale relativa all&#8217;acquisto, ai sensi dell&#8217;art. 22 D.p.R. n. 633\/1972.<\/p>\n<p><!-- \/wp:paragraph --><\/p>\n<p><!-- wp:paragraph -->La corretta ricezione dell&#8217;Ordine \u00e8 confermata da Marigroup &amp; Co. s.r.l mediante una risposta via e-mail, inviata all&#8217;indirizzo di posta elettronica comunicato dal Cliente. Tale messaggio di conferma riporter\u00e0 sinteticamente le condizioni di acquisto, come previsto dalla normativa applicabile, nonch\u00e9 i dati inseriti nell&#8217;Ordine dal Cliente, affinch\u00e9 lo stesso possa verificare gli stessi ed eventualmente comunicare senza ritardo le necessarie correzioni di dati errati.<\/p>\n<p><!-- \/wp:paragraph --><\/p>\n<p>&nbsp;<\/p>\n<p><!-- wp:html --><\/p>\n<div class=\"wp-block-spacer\" style=\"height: 1em;\" aria-hidden=\"true\">\u00a0<\/div>\n<p><a name=\"pagamenti\"><\/a><br \/><!-- \/wp:html --><\/p>\n<p><!-- wp:paragraph --><strong>Prezzi e\u00a0Modalit\u00e0 di pagamento<\/strong><\/p>\n<p><!-- \/wp:paragraph --><\/p>\n<p><!-- wp:paragraph -->I prezzi indicati sul sito sono da considerarsi comprensivi delle tasse e dell&#8217;IVA. Eventuali costi di spedizione o spese di pagamento vengono in ogni caso comunicati preventivamente al Cliente attraverso il sito o le presenti Condizioni.<\/p>\n<p><!-- \/wp:paragraph --><\/p>\n<p><!-- wp:paragraph -->Sono previste le seguenti modalit\u00e0 di pagamento:<\/p>\n<p><!-- \/wp:paragraph --><\/p>\n<p><!-- wp:paragraph -->(i) PayPal<\/p>\n<p><!-- \/wp:paragraph --><\/p>\n<p><!-- wp:paragraph -->Per il pagamento pu\u00f2 essere utilizzato dal cliente il circuito Paypal secondo le modalit\u00e0 specifiche dello stesso.<\/p>\n<p><!-- \/wp:paragraph --><\/p>\n<p><!-- wp:paragraph -->(ii) Carta di credito<\/p>\n<p><!-- \/wp:paragraph --><\/p>\n<p><!-- wp:paragraph -->Nei casi di acquisto della merce con modalit\u00e0 di pagamento Carta di Credito, la transazione potr\u00e0 avvenire attraverso il server sicuro Paypal o altro server sicuro prescelto da Marigroup &amp; Co. s.r.l.<\/p>\n<p><!-- \/wp:paragraph --><\/p>\n<p><!-- wp:paragraph -->In nessun caso ed in nessuna fase del pagamento Marigroup &amp; Co. s.r.l sar\u00e0 in grado di conoscere le informazioni relative alla carta di credito del Cliente, trasmesse tramite connessione protetta direttamente al sito dell&#8217;istituto bancario che gestisce la transazione. Nessun archivio informatico di Marigroup &amp; Co. s.r.l conserver\u00e0 tali dati e pertanto in nessun caso Marigroup &amp; Co. s.r.l \u00a0potr\u00e0 essere ritenuta responsabile per l&#8217;eventuale uso fraudolento e indebito di carte di credito da parte di terzi all&#8217;atto del pagamento.<\/p>\n<p><!-- \/wp:paragraph --><\/p>\n<p><!-- wp:paragraph -->(iii) Bonifico (solo per Paesi dell\u2019Unione Europea)<\/p>\n<p><!-- \/wp:paragraph --><\/p>\n<p><!-- wp:paragraph -->In caso di acquisto con bonifico, verranno visualizzate le coordinate bancarie per il pagamento. La spedizione della merce avverr\u00e0 solo alla ricezione effettiva del pagamento in banca.\u00a0\u00a0<\/p>\n<p><!-- \/wp:paragraph --><\/p>\n<p><!-- wp:paragraph -->(iiii) Contrassegno (solo per l\u2019Italia)<\/p>\n<p><!-- \/wp:paragraph --><\/p>\n<p><!-- wp:paragraph -->In caso di pagamento in contrassegno, il pagamento dovr\u00e0 essere eseguito esclusivamente con denaro contante al momento della consegna dei prodotti acquistati. Il pagamento in contrassegno comporta un ulteriore spesa di Euro 3,00 a carico del Cliente per spese d&#8217;incasso. Il pagamento in contrassegno potr\u00e0 essere effettuato unicamente per acquisti di importo inferiore ad Euro 80,00.<\/p>\n<p><!-- \/wp:paragraph --><\/p>\n<p>&nbsp;<\/p>\n<p><!-- wp:html --><\/p>\n<div class=\"wp-block-spacer\" style=\"height: 1em;\" aria-hidden=\"true\">\u00a0<\/div>\n<p><!-- \/wp:html --><\/p>\n<p><!-- wp:paragraph -->SPEDIZIONI<\/p>\n<p><!-- \/wp:paragraph --><\/p>\n<p><!-- wp:paragraph --><strong>Consegna dei prodotti e relative spese<\/strong><\/p>\n<p><!-- \/wp:paragraph --><\/p>\n<p><!-- wp:paragraph -->I prodotti acquistati verranno consegnati all&#8217;indirizzo indicato dal Cliente nell\u2019Ordine entro 24-48 ore dall&#8217;accettazione dell&#8217;Ordine da parte di Marigroup &amp; Co. s.r.l, al costo indicato specificamente nel Sito prima dell\u2019invio dell\u2019Ordine. Marigroup &amp; Co. s.r.l si riserva la facolt\u00e0 di accettare o meno consegne richieste fuori dai confini italiani o europei. In ogni caso, per consegne da eseguirsi fuori dai confini italiani, le spese di spedizione ed i tempi di consegna potrebbero subire variazioni.<\/p>\n<p><!-- \/wp:paragraph --><\/p>\n<p><!-- wp:paragraph -->Relativamente alle consegne richieste in paesi non appartenenti all\u2019Unione Europea, eventuali spese doganali di importazione saranno a carico del destinatario. Si invita pertanto il Cliente a contattare preventivamente le autorit\u00e0 doganali del proprio paese per verificare i costi e gli eventuali limiti di importazione.<\/p>\n<p><!-- \/wp:paragraph --><\/p>\n<p><!-- wp:paragraph -->I tempi di consegna indicati da Marigroup &amp; Co. s.r.l devono considerarsi come puramente indicativi ed un ritardo rispetto agli stessi, ovvero l\u2019eventuale consegna effettuata con successive spedizioni frazionate non legittimano il Cliente al rifiuto della consegna medesima ed alla richiesta di risarcimenti o indennizzi.<\/p>\n<p><!-- \/wp:paragraph --><\/p>\n<p><!-- wp:paragraph -->Al momento della consegna dei prodotti, il Cliente \u00e8 tenuto a controllare:<\/p>\n<p><!-- \/wp:paragraph --><\/p>\n<p>&nbsp;<\/p>\n<p><!-- wp:list --><\/p>\n<ul>\n<li>che il numero dei colli in consegna corrisponda a quanto indicato nel documento di trasporto.<\/li>\n<li>che l&#8217;imballo risulti integro, non danneggiato, n\u00e9 bagnato o comunque alterato, anche nei materiali di chiusura (nastro adesivo o reggette metalliche).<\/li>\n<\/ul>\n<p><!-- \/wp:list --><\/p>\n<p><!-- wp:paragraph -->Eventuali danni all&#8217;imballo e\/o al prodotto o la mancata corrispondenza del numero dei colli o delle indicazioni, dovranno essere immediatamente rilevati, apponendo una specifica indicazione sul documento di consegna del prodotto da riconsegnarsi al corriere.<\/p>\n<p>Eventuali problemi inerenti l&#8217;integrit\u00e0 fisica, la corrispondenza o la completezza dei prodotti ricevuti devono essere segnalati entro 7 giorni dalla avvenuta consegna, secondo le modalit\u00e0 previste nel presente documento.<\/p>\n<p><!-- \/wp:paragraph --><\/p>\n<p><!-- wp:html --><!-- \/wp:html --><\/p>\n\n\t\t<\/div>\n\t<\/div>\n<\/div><\/div><\/div><\/div>","protected":false},"excerpt":{"rendered":"&nbsp; ORDINI E PAGAMENTI Modalit\u00e0 di acquisto I prodotti offerti in vendita da Marigroup &amp; Co. s.r.l sono unicamente quelli presenti sul sito di KONTESSA al momento dell'inoltro dell'Ordine, cos\u00ec come descritti nelle relative schede informative. Resta in ogni caso inteso che le immagini a corredo della scheda descrittiva di un prodotto sono ad esclusivo scopo informativo e possono non&hellip;","protected":false},"author":1,"featured_media":0,"parent":0,"menu_order":0,"comment_status":"closed","ping_status":"closed","template":"","meta":{"inline_featured_image":false},"yoast_head":"<!-- This site is optimized with the Yoast SEO plugin v20.4 - https:\/\/yoast.com\/wordpress\/plugins\/seo\/ -->\n<title>Pagamenti - Kontessa<\/title>\n<meta name=\"robots\" content=\"index, follow, max-snippet:-1, max-image-preview:large, max-video-preview:-1\" \/>\n<link rel=\"canonical\" href=\"https:\/\/kontessa.it\/es\/pagamenti\/\" \/>\n<meta property=\"og:locale\" content=\"es_ES\" \/>\n<meta property=\"og:type\" content=\"article\" \/>\n<meta property=\"og:title\" content=\"Pagamenti - Kontessa\" \/>\n<meta property=\"og:url\" content=\"https:\/\/kontessa.it\/es\/pagamenti\/\" \/>\n<meta property=\"og:site_name\" content=\"Kontessa\" \/>\n<meta property=\"article:publisher\" content=\"https:\/\/www.facebook.com\/kontessaofficial\" \/>\n<meta property=\"article:modified_time\" content=\"2022-10-14T07:33:35+00:00\" \/>\n<meta name=\"twitter:card\" content=\"summary_large_image\" \/>\n<meta name=\"twitter:label1\" content=\"Tiempo de lectura\" \/>\n\t<meta name=\"twitter:data1\" content=\"4 minutos\" \/>\n<script type=\"application\/ld+json\" class=\"yoast-schema-graph\">{\"@context\":\"https:\/\/schema.org\",\"@graph\":[{\"@type\":\"WebPage\",\"@id\":\"https:\/\/kontessa.it\/pagamenti\/\",\"url\":\"https:\/\/kontessa.it\/pagamenti\/\",\"name\":\"Pagamenti - Kontessa\",\"isPartOf\":{\"@id\":\"https:\/\/kontessa.it\/#website\"},\"datePublished\":\"2022-10-14T07:32:49+00:00\",\"dateModified\":\"2022-10-14T07:33:35+00:00\",\"breadcrumb\":{\"@id\":\"https:\/\/kontessa.it\/pagamenti\/#breadcrumb\"},\"inLanguage\":\"es\",\"potentialAction\":[{\"@type\":\"ReadAction\",\"target\":[\"https:\/\/kontessa.it\/pagamenti\/\"]}]},{\"@type\":\"BreadcrumbList\",\"@id\":\"https:\/\/kontessa.it\/pagamenti\/#breadcrumb\",\"itemListElement\":[{\"@type\":\"ListItem\",\"position\":1,\"name\":\"Home\",\"item\":\"https:\/\/kontessa.it\/\"},{\"@type\":\"ListItem\",\"position\":2,\"name\":\"Pagamenti\"}]},{\"@type\":\"WebSite\",\"@id\":\"https:\/\/kontessa.it\/#website\",\"url\":\"https:\/\/kontessa.it\/\",\"name\":\"Kontessa\",\"description\":\"Entra nel mondo kontessa.it\",\"publisher\":{\"@id\":\"https:\/\/kontessa.it\/#organization\"},\"potentialAction\":[{\"@type\":\"SearchAction\",\"target\":{\"@type\":\"EntryPoint\",\"urlTemplate\":\"https:\/\/kontessa.it\/?s={search_term_string}\"},\"query-input\":\"required name=search_term_string\"}],\"inLanguage\":\"es\"},{\"@type\":\"Organization\",\"@id\":\"https:\/\/kontessa.it\/#organization\",\"name\":\"Kontessa\",\"url\":\"https:\/\/kontessa.it\/\",\"logo\":{\"@type\":\"ImageObject\",\"inLanguage\":\"es\",\"@id\":\"https:\/\/kontessa.it\/#\/schema\/logo\/image\/\",\"url\":\"https:\/\/kontessa.it\/wp-content\/uploads\/2022\/09\/Logo-Kontessa.png\",\"contentUrl\":\"https:\/\/kontessa.it\/wp-content\/uploads\/2022\/09\/Logo-Kontessa.png\",\"width\":600,\"height\":96,\"caption\":\"Kontessa\"},\"image\":{\"@id\":\"https:\/\/kontessa.it\/#\/schema\/logo\/image\/\"},\"sameAs\":[\"https:\/\/www.facebook.com\/kontessaofficial\",\"https:\/\/www.instagram.com\/kontessaofficial\/\"]}]}<\/script>\n<!-- \/ Yoast SEO plugin. -->","yoast_head_json":{"title":"Pagamenti - Kontessa","robots":{"index":"index","follow":"follow","max-snippet":"max-snippet:-1","max-image-preview":"max-image-preview:large","max-video-preview":"max-video-preview:-1"},"canonical":"https:\/\/kontessa.it\/es\/pagamenti\/","og_locale":"es_ES","og_type":"article","og_title":"Pagamenti - Kontessa","og_url":"https:\/\/kontessa.it\/es\/pagamenti\/","og_site_name":"Kontessa","article_publisher":"https:\/\/www.facebook.com\/kontessaofficial","article_modified_time":"2022-10-14T07:33:35+00:00","twitter_card":"summary_large_image","twitter_misc":{"Tiempo de lectura":"4 minutos"},"schema":{"@context":"https:\/\/schema.org","@graph":[{"@type":"WebPage","@id":"https:\/\/kontessa.it\/pagamenti\/","url":"https:\/\/kontessa.it\/pagamenti\/","name":"Pagamenti - Kontessa","isPartOf":{"@id":"https:\/\/kontessa.it\/#website"},"datePublished":"2022-10-14T07:32:49+00:00","dateModified":"2022-10-14T07:33:35+00:00","breadcrumb":{"@id":"https:\/\/kontessa.it\/pagamenti\/#breadcrumb"},"inLanguage":"es","potentialAction":[{"@type":"ReadAction","target":["https:\/\/kontessa.it\/pagamenti\/"]}]},{"@type":"BreadcrumbList","@id":"https:\/\/kontessa.it\/pagamenti\/#breadcrumb","itemListElement":[{"@type":"ListItem","position":1,"name":"Home","item":"https:\/\/kontessa.it\/"},{"@type":"ListItem","position":2,"name":"Pagamenti"}]},{"@type":"WebSite","@id":"https:\/\/kontessa.it\/#website","url":"https:\/\/kontessa.it\/","name":"Kontessa","description":"Entra nel mondo kontessa.it","publisher":{"@id":"https:\/\/kontessa.it\/#organization"},"potentialAction":[{"@type":"SearchAction","target":{"@type":"EntryPoint","urlTemplate":"https:\/\/kontessa.it\/?s={search_term_string}"},"query-input":"required name=search_term_string"}],"inLanguage":"es"},{"@type":"Organization","@id":"https:\/\/kontessa.it\/#organization","name":"Kontessa","url":"https:\/\/kontessa.it\/","logo":{"@type":"ImageObject","inLanguage":"es","@id":"https:\/\/kontessa.it\/#\/schema\/logo\/image\/","url":"https:\/\/kontessa.it\/wp-content\/uploads\/2022\/09\/Logo-Kontessa.png","contentUrl":"https:\/\/kontessa.it\/wp-content\/uploads\/2022\/09\/Logo-Kontessa.png","width":600,"height":96,"caption":"Kontessa"},"image":{"@id":"https:\/\/kontessa.it\/#\/schema\/logo\/image\/"},"sameAs":["https:\/\/www.facebook.com\/kontessaofficial","https:\/\/www.instagram.com\/kontessaofficial\/"]}]}},"_links":{"self":[{"href":"https:\/\/kontessa.it\/es\/wp-json\/wp\/v2\/pages\/16545"}],"collection":[{"href":"https:\/\/kontessa.it\/es\/wp-json\/wp\/v2\/pages"}],"about":[{"href":"https:\/\/kontessa.it\/es\/wp-json\/wp\/v2\/types\/page"}],"author":[{"embeddable":true,"href":"https:\/\/kontessa.it\/es\/wp-json\/wp\/v2\/users\/1"}],"replies":[{"embeddable":true,"href":"https:\/\/kontessa.it\/es\/wp-json\/wp\/v2\/comments?post=16545"}],"version-history":[{"count":2,"href":"https:\/\/kontessa.it\/es\/wp-json\/wp\/v2\/pages\/16545\/revisions"}],"predecessor-version":[{"id":16547,"href":"https:\/\/kontessa.it\/es\/wp-json\/wp\/v2\/pages\/16545\/revisions\/16547"}],"wp:attachment":[{"href":"https:\/\/kontessa.it\/es\/wp-json\/wp\/v2\/media?parent=16545"}],"curies":[{"name":"wp","href":"https:\/\/api.w.org\/{rel}","templated":true}]}}